{"id":1139,"date":"2017-12-18T11:13:52","date_gmt":"2017-12-18T10:13:52","guid":{"rendered":"http:\/\/www.odc.ch\/?page_id=1139"},"modified":"2021-11-22T19:27:39","modified_gmt":"2021-11-22T18:27:39","slug":"premi","status":"publish","type":"page","link":"https:\/\/www.odc.ch\/index.php\/premi\/","title":{"rendered":"Premi"},"content":{"rendered":"\t\t<div data-elementor-type=\"wp-post\" data-elementor-id=\"1139\" class=\"elementor elementor-1139\">\n\t\t\t\t\t\t<div class=\"elementor-inner\">\n\t\t\t\t<div class=\"elementor-section-wrap\">\n\t\t\t\t\t\t\t\t\t<section class=\"elementor-section elementor-top-section elementor-element elementor-element-71dc8b76 elementor-section-boxed elementor-section-height-default elementor-section-height-default\" data-id=\"71dc8b76\" data-element_type=\"section\">\n\t\t\t\t\t\t<div class=\"elementor-container elementor-column-gap-default\">\n\t\t\t\t\t\t\t<div class=\"elementor-row\">\n\t\t\t\t\t<div class=\"elementor-column elementor-col-100 elementor-top-column elementor-element elementor-element-ceba18d\" data-id=\"ceba18d\" data-element_type=\"column\">\n\t\t\t<div class=\"elementor-column-wrap elementor-element-populated\">\n\t\t\t\t\t\t\t<div class=\"elementor-widget-wrap\">\n\t\t\t\t\t\t<div class=\"elementor-element elementor-element-3800967e elementor-widget elementor-widget-text-editor\" data-id=\"3800967e\" data-element_type=\"widget\" data-widget_type=\"text-editor.default\">\n\t\t\t\t<div class=\"elementor-widget-container\">\n\t\t\t\t\t\t\t\t<div class=\"elementor-text-editor elementor-clearfix\">\n\t\t\t\t<h3>Flaneur d&#8217;Or<\/h3><p>Il concorso \u00abFl\u00e2neur d\u2019Or \u2013 premio infrastrutture pedonali\u00bb intende premiare infrastrutture per spazi pubblici capaci di favorire la mobilit\u00e0 pedonale ed aumentare la qualit\u00e0, l\u2019attrattivit\u00e0 e la sicurezza degli spostamenti a piedi. Il concorso viene organizzato da Mobilit\u00e0 pedonale Svizzera, \u00e8 sostenuto dall\u2019Ufficio federale delle Strade (USTRA) e da altri partner.<\/p><p>Distinzione 2020 \u2013 <a href=\"https:\/\/flaneurdor.ch\/progetto\/?lang=it&amp;pid=512\">Il salotto di Canobbio<\/a> <br \/>Menzione 2014 \u2013 <a href=\"https:\/\/flaneurdor.ch\/progetto\/?lang=it&amp;pid=19\" target=\"_blank\" rel=\"noopener noreferrer\"> Il salotto di Canobbio<\/a> <br \/>Menzione 2011 \u2013 <a href=\"https:\/\/flaneurdor.ch\/progetto\/?lang=it&amp;pid=41\" target=\"_blank\" rel=\"noopener noreferrer\">La nuova piazza di Massagno<\/a> <!-- <i class=\"fas fa-external-link-alt fa-xs\"><\/i> --><br \/>Distinzione 2008 \u2013 <a href=\"https:\/\/flaneurdor.ch\/progetto\/?lang=it&amp;pid=60\" target=\"_blank\" rel=\"noopener noreferrer\">Croglio attraversamento nuclei<\/a> <!-- <i class=\"fas fa-external-link-alt fa-xs\"><\/i> --><br \/>Menzione 2008 \u2013 <a href=\"https:\/\/flaneurdor.ch\/progetto\/?lang=it&amp;pid=73\" target=\"_blank\" rel=\"noopener noreferrer\">Manno zona d&#8217;incontro nucleo<\/a> <!-- <i class=\"fas fa-external-link-alt fa-xs\"><\/i> --><br \/>Distinzione 2004 \u2013 <a href=\"https:\/\/flaneurdor.ch\/progetto\/?lang=it&amp;pid=82\" target=\"_blank\" rel=\"noopener noreferrer\">Giubiasco Piazza Grande Borghetto<\/a> <!-- <i class=\"fas fa-external-link-alt fa-xs\"><\/i> --><\/p><hr \/><h3>Prix europ\u00e9en d&#8217;architecture Philippe-Rotthier<\/h3><p>Fondato nel 1982 dall&#8217;architetto Philippe Rotthier, questo premio triennale riconosce realizzazioni che hanno un valore collettivo e culturale, rappresentano il genio della citt\u00e0 europea, dialogano con il passato e la storia con la messa in opera di materiali naturali e sostenibili.<\/p><p>2002 \u2013 <a href=\"http:\/\/www.rotthierprize.be\/index.php\/en\/prizewinners-nominated\/108-2002-prizewinners\" target=\"_blank\" rel=\"noopener noreferrer\">Ricostruzione di Terra Vecchia e Bordei<\/a> <!-- <i class=\"fas fa-external-link-alt fa-xs\"><\/i> --><\/p><hr \/><h3>Fussg\u00e4nger! Sicher!<\/h3><p>Menzione per l\u2019innovazione degli spazi pedonali<\/p><p>2001 \u2013 <a href=\"http:\/\/www.odc.ch\/wp-content\/uploads\/2018\/01\/selection.pdf\" target=\"_blank\" rel=\"noopener noreferrer\">Via Rompeda di Giubiasco<\/a> <!-- <i class=\"fas fa-external-link-alt fa-xs\"><\/i> --><br \/>1998 \u2013 Via alla Chiesa, Bioggio<br \/>1995 \u2013 Piano particolareggiato di Beride<\/p>\t\t\t\t\t<\/div>\n\t\t\t\t\t\t<\/div>\n\t\t\t\t<\/div>\n\t\t\t\t\t\t<\/div>\n\t\t\t\t\t<\/div>\n\t\t<\/div>\n\t\t\t\t\t\t\t\t<\/div>\n\t\t\t\t\t<\/div>\n\t\t<\/section>\n\t\t\t\t\t\t\t\t\t<\/div>\n\t\t\t<\/div>\n\t\t\t\t\t<\/div>\n\t\t","protected":false},"excerpt":{"rendered":"<p>Flaneur d&#8217;Or Il concorso \u00abFl\u00e2neur d\u2019Or \u2013 premio infrastrutture pedonali\u00bb intende premiare infrastrutture per spazi&#8230;<\/p>\n","protected":false},"author":1,"featured_media":0,"parent":0,"menu_order":3,"comment_status":"closed","ping_status":"closed","template":"page_sidebar.php","meta":[],"_links":{"self":[{"href":"https:\/\/www.odc.ch\/index.php\/wp-json\/wp\/v2\/pages\/1139"}],"collection":[{"href":"https:\/\/www.odc.ch\/index.php\/wp-json\/wp\/v2\/pages"}],"about":[{"href":"https:\/\/www.odc.ch\/index.php\/wp-json\/wp\/v2\/types\/page"}],"author":[{"embeddable":true,"href":"https:\/\/www.odc.ch\/index.php\/wp-json\/wp\/v2\/users\/1"}],"replies":[{"embeddable":true,"href":"https:\/\/www.odc.ch\/index.php\/wp-json\/wp\/v2\/comments?post=1139"}],"version-history":[{"count":31,"href":"https:\/\/www.odc.ch\/index.php\/wp-json\/wp\/v2\/pages\/1139\/revisions"}],"predecessor-version":[{"id":2356,"href":"https:\/\/www.odc.ch\/index.php\/wp-json\/wp\/v2\/pages\/1139\/revisions\/2356"}],"wp:attachment":[{"href":"https:\/\/www.odc.ch\/index.php\/wp-json\/wp\/v2\/media?parent=1139"}],"curies":[{"name":"wp","href":"https:\/\/api.w.org\/{rel}","templated":true}]}}